{"id":2,"date":"2025-07-15T08:50:13","date_gmt":"2025-07-15T08:50:13","guid":{"rendered":"https:\/\/restaurantegorostiza.rkinformatika.online\/?page_id=2"},"modified":"2025-07-18T14:17:38","modified_gmt":"2025-07-18T14:17:38","slug":"inicio","status":"publish","type":"page","link":"https:\/\/restaurantegorostiza.com\/eu\/","title":{"rendered":"Hasiera"},"content":{"rendered":"\t\t<div data-elementor-type=\"wp-page\" data-elementor-id=\"2\" class=\"elementor elementor-2\" data-elementor-post-type=\"page\">\n\t\t\t\t<div class=\"elementor-element elementor-element-af41d2d e-flex e-con-boxed e-con e-parent\" data-id=\"af41d2d\" data-element_type=\"container\" data-e-type=\"container\" data-settings=\"{&quot;background_background&quot;:&quot;slideshow&quot;,&quot;background_slideshow_gallery&quot;:[{&quot;id&quot;:221,&quot;url&quot;:&quot;https:\\\/\\\/restaurantegorostiza.com\\\/wp-content\\\/uploads\\\/2025\\\/07\\\/inicio.png&quot;},{&quot;id&quot;:241,&quot;url&quot;:&quot;https:\\\/\\\/restaurantegorostiza.com\\\/wp-content\\\/uploads\\\/2025\\\/07\\\/2.png&quot;},{&quot;id&quot;:220,&quot;url&quot;:&quot;https:\\\/\\\/restaurantegorostiza.com\\\/wp-content\\\/uploads\\\/2025\\\/07\\\/inicio-1.png&quot;},{&quot;id&quot;:240,&quot;url&quot;:&quot;https:\\\/\\\/restaurantegorostiza.com\\\/wp-content\\\/uploads\\\/2025\\\/07\\\/1.png&quot;}],&quot;background_slideshow_lazyload&quot;:&quot;yes&quot;,&quot;background_slideshow_ken_burns&quot;:&quot;yes&quot;,&quot;background_slideshow_loop&quot;:&quot;yes&quot;,&quot;background_slideshow_slide_duration&quot;:5000,&quot;background_slideshow_slide_transition&quot;:&quot;fade&quot;,&quot;background_slideshow_transition_duration&quot;:500,&quot;background_slideshow_ken_burns_zoom_direction&quot;:&quot;in&quot;}\">\n\t\t\t\t\t<div class=\"e-con-inner\">\n\t\t\t\t<div class=\"elementor-element elementor-element-f6f19e7 elementor-invisible elementor-widget elementor-widget-heading\" data-id=\"f6f19e7\" data-element_type=\"widget\" data-e-type=\"widget\" data-settings=\"{&quot;_animation&quot;:&quot;fadeIn&quot;,&quot;_animation_tablet&quot;:&quot;fadeIn&quot;,&quot;_animation_mobile&quot;:&quot;fadeIn&quot;}\" data-widget_type=\"heading.default\">\n\t\t\t\t\t<h2 class=\"elementor-heading-title elementor-size-default\">Restaurante Gorostiza<\/h2>\t\t\t\t<\/div>\n\t\t\t\t\t<\/div>\n\t\t\t\t<\/div>\n\t\t<div class=\"elementor-element elementor-element-2f32c17 e-flex e-con-boxed e-con e-parent\" data-id=\"2f32c17\" data-element_type=\"container\" data-e-type=\"container\">\n\t\t\t\t\t<div class=\"e-con-inner\">\n\t\t<div class=\"elementor-element elementor-element-cd0e4a2 e-con-full e-flex e-con e-child\" data-id=\"cd0e4a2\" data-element_type=\"container\" data-e-type=\"container\">\n\t\t\t\t<div class=\"elementor-element elementor-element-1db1a9f elementor-widget elementor-widget-heading\" data-id=\"1db1a9f\" data-element_type=\"widget\" data-e-type=\"widget\" data-widget_type=\"heading.default\">\n\t\t\t\t\t<h2 class=\"elementor-heading-title elementor-size-default\">Bienvenidos a Gorostiza <br>Tu casa de comidas en Burce\u00f1a<\/h2>\t\t\t\t<\/div>\n\t\t\t\t<div class=\"elementor-element elementor-element-68082e3 elementor-widget elementor-widget-text-editor\" data-id=\"68082e3\" data-element_type=\"widget\" data-e-type=\"widget\" data-widget_type=\"text-editor.default\">\n\t\t\t\t\t\t\t\t\t<p>En Gorostiza llevamos 24 a\u00f1os compartiendo buenos momentos, sabores caseros y un trato cercano que nos hace sentir como en familia. Somos un restaurante de toda la vida, ubicado en el coraz\u00f3n de Burce\u00f1a, Barakaldo, en la calle Zumalac\u00e1rregui 27-29.<\/p><p>Aqu\u00ed encontrar\u00e1s mucho m\u00e1s que un men\u00fa:<br \/>&#8211; Men\u00fa del d\u00eda con platos caseros que cambian a diario<br \/>&#8211; Platos combinados, hamburguesas, pollo asado y mucho m\u00e1s<br \/>&#8211; Y los jueves, no te pierdas nuestro cl\u00e1sico \u00a1Pincho-Pote! de 19:00 a 22:00<\/p><p>Ven solo, en pareja, con amigos o en familia: siempre tendr\u00e1s un sitio en nuestra mesa<\/p>\t\t\t\t\t\t\t\t<\/div>\n\t\t\t\t<\/div>\n\t\t<div class=\"elementor-element elementor-element-52c5870 e-con-full e-flex e-con e-child\" data-id=\"52c5870\" data-element_type=\"container\" data-e-type=\"container\" data-settings=\"{&quot;background_background&quot;:&quot;classic&quot;}\">\n\t\t\t\t<div class=\"elementor-element elementor-element-1e84484 elementor-widget elementor-widget-spacer\" data-id=\"1e84484\" data-element_type=\"widget\" data-e-type=\"widget\" data-widget_type=\"spacer.default\">\n\t\t\t\t\t\t\t<div class=\"elementor-spacer\">\n\t\t\t<div class=\"elementor-spacer-inner\"><\/div>\n\t\t<\/div>\n\t\t\t\t\t\t<\/div>\n\t\t\t\t<\/div>\n\t\t\t\t\t<\/div>\n\t\t\t\t<\/div>\n\t\t<div class=\"elementor-element elementor-element-362c11a e-flex e-con-boxed e-con e-parent\" data-id=\"362c11a\" data-element_type=\"container\" data-e-type=\"container\" data-settings=\"{&quot;background_background&quot;:&quot;classic&quot;}\">\n\t\t\t\t\t<div class=\"e-con-inner\">\n\t\t\t\t<div class=\"elementor-element elementor-element-485dc04 elementor-widget elementor-widget-heading\" data-id=\"485dc04\" data-element_type=\"widget\" data-e-type=\"widget\" data-widget_type=\"heading.default\">\n\t\t\t\t\t<h2 class=\"elementor-heading-title elementor-size-default\">\u00a1Ven a disfrutar como en casa, reserva tu mesa hoy!<\/h2>\t\t\t\t<\/div>\n\t\t\t\t<div class=\"elementor-element elementor-element-6b2ff3c elementor-align-center elementor-widget elementor-widget-button\" data-id=\"6b2ff3c\" data-element_type=\"widget\" data-e-type=\"widget\" data-widget_type=\"button.default\">\n\t\t\t\t\t\t\t\t\t\t<a class=\"elementor-button elementor-button-link elementor-size-sm elementor-animation-pop\" href=\"https:\/\/restaurantegorostiza.com\/contacto\/\">\n\t\t\t\t\t\t<span class=\"elementor-button-content-wrapper\">\n\t\t\t\t\t\t\t\t\t<span class=\"elementor-button-text\">Cont\u00e1ctanos<\/span>\n\t\t\t\t\t<\/span>\n\t\t\t\t\t<\/a>\n\t\t\t\t\t\t\t\t<\/div>\n\t\t\t\t\t<\/div>\n\t\t\t\t<\/div>\n\t\t\t\t<\/div>\n\t\t","protected":false},"excerpt":{"rendered":"<p>Restaurante Gorostiza Bienvenidos a Gorostiza Tu casa de comidas en Burce\u00f1a En Gorostiza llevamos 24 a\u00f1os compartiendo buenos momentos, sabores caseros y un trato cercano que nos hace sentir como en familia. Somos un restaurante de toda la vida, ubicado en el coraz\u00f3n de Burce\u00f1a, Barakaldo, en la calle Zumalac\u00e1rregui 27-29. Aqu\u00ed encontrar\u00e1s mucho m\u00e1s [&hellip;]<\/p>\n","protected":false},"author":1,"featured_media":0,"parent":0,"menu_order":0,"comment_status":"closed","ping_status":"closed","template":"elementor_canvas","meta":{"footnotes":""},"class_list":["post-2","page","type-page","status-publish","hentry"],"yoast_head":"<!-- This site is optimized with the Yoast SEO plugin v27.3 - https:\/\/yoast.com\/product\/yoast-seo-wordpress\/ -->\n<title>Inicio - Restaurante Gorostiza<\/title>\n<meta name=\"robots\" content=\"index, follow, max-snippet:-1, max-image-preview:large, max-video-preview:-1\" \/>\n<link rel=\"canonical\" href=\"https:\/\/restaurantegorostiza.com\/eu\/\" \/>\n<meta property=\"og:locale\" content=\"en_US\" \/>\n<meta property=\"og:type\" content=\"article\" \/>\n<meta property=\"og:title\" content=\"Inicio - Restaurante Gorostiza\" \/>\n<meta property=\"og:description\" content=\"Restaurante Gorostiza Bienvenidos a Gorostiza Tu casa de comidas en Burce\u00f1a En Gorostiza llevamos 24 a\u00f1os compartiendo buenos momentos, sabores caseros y un trato cercano que nos hace sentir como en familia. Somos un restaurante de toda la vida, ubicado en el coraz\u00f3n de Burce\u00f1a, Barakaldo, en la calle Zumalac\u00e1rregui 27-29. Aqu\u00ed encontrar\u00e1s mucho m\u00e1s [&hellip;]\" \/>\n<meta property=\"og:url\" content=\"https:\/\/restaurantegorostiza.com\/eu\/\" \/>\n<meta property=\"og:site_name\" content=\"Restaurante Gorostiza\" \/>\n<meta property=\"article:modified_time\" content=\"2025-07-18T14:17:38+00:00\" \/>\n<meta name=\"twitter:card\" content=\"summary_large_image\" \/>\n<meta name=\"twitter:label1\" content=\"Est. reading time\" \/>\n\t<meta name=\"twitter:data1\" content=\"1 minutua\" \/>\n<script type=\"application\/ld+json\" class=\"yoast-schema-graph\">{\"@context\":\"https:\\\/\\\/schema.org\",\"@graph\":[{\"@type\":\"WebPage\",\"@id\":\"https:\\\/\\\/restaurantegorostiza.com\\\/\",\"url\":\"https:\\\/\\\/restaurantegorostiza.com\\\/\",\"name\":\"Inicio - Restaurante Gorostiza\",\"isPartOf\":{\"@id\":\"https:\\\/\\\/restaurantegorostiza.com\\\/#website\"},\"datePublished\":\"2025-07-15T08:50:13+00:00\",\"dateModified\":\"2025-07-18T14:17:38+00:00\",\"breadcrumb\":{\"@id\":\"https:\\\/\\\/restaurantegorostiza.com\\\/#breadcrumb\"},\"inLanguage\":\"eu\",\"potentialAction\":[{\"@type\":\"ReadAction\",\"target\":[\"https:\\\/\\\/restaurantegorostiza.com\\\/\"]}]},{\"@type\":\"BreadcrumbList\",\"@id\":\"https:\\\/\\\/restaurantegorostiza.com\\\/#breadcrumb\",\"itemListElement\":[{\"@type\":\"ListItem\",\"position\":1,\"name\":\"Portada\",\"item\":\"https:\\\/\\\/restaurantegorostiza.com\\\/\"},{\"@type\":\"ListItem\",\"position\":2,\"name\":\"Inicio\"}]},{\"@type\":\"WebSite\",\"@id\":\"https:\\\/\\\/restaurantegorostiza.com\\\/#website\",\"url\":\"https:\\\/\\\/restaurantegorostiza.com\\\/\",\"name\":\"Restaurante Gorostiza\",\"description\":\"\",\"publisher\":{\"@id\":\"https:\\\/\\\/restaurantegorostiza.com\\\/#organization\"},\"potentialAction\":[{\"@type\":\"SearchAction\",\"target\":{\"@type\":\"EntryPoint\",\"urlTemplate\":\"https:\\\/\\\/restaurantegorostiza.com\\\/?s={search_term_string}\"},\"query-input\":{\"@type\":\"PropertyValueSpecification\",\"valueRequired\":true,\"valueName\":\"search_term_string\"}}],\"inLanguage\":\"eu\"},{\"@type\":\"Organization\",\"@id\":\"https:\\\/\\\/restaurantegorostiza.com\\\/#organization\",\"name\":\"Restaurante Gorostiza\",\"url\":\"https:\\\/\\\/restaurantegorostiza.com\\\/\",\"logo\":{\"@type\":\"ImageObject\",\"inLanguage\":\"eu\",\"@id\":\"https:\\\/\\\/restaurantegorostiza.com\\\/#\\\/schema\\\/logo\\\/image\\\/\",\"url\":\"https:\\\/\\\/restaurantegorostiza.com\\\/wp-content\\\/uploads\\\/2025\\\/07\\\/cropped-logo.png\",\"contentUrl\":\"https:\\\/\\\/restaurantegorostiza.com\\\/wp-content\\\/uploads\\\/2025\\\/07\\\/cropped-logo.png\",\"width\":1080,\"height\":789,\"caption\":\"Restaurante Gorostiza\"},\"image\":{\"@id\":\"https:\\\/\\\/restaurantegorostiza.com\\\/#\\\/schema\\\/logo\\\/image\\\/\"}}]}<\/script>\n<!-- \/ Yoast SEO plugin. -->","yoast_head_json":{"title":"Inicio - Restaurante Gorostiza","robots":{"index":"index","follow":"follow","max-snippet":"max-snippet:-1","max-image-preview":"max-image-preview:large","max-video-preview":"max-video-preview:-1"},"canonical":"https:\/\/restaurantegorostiza.com\/eu\/","og_locale":"en_US","og_type":"article","og_title":"Inicio - Restaurante Gorostiza","og_description":"Restaurante Gorostiza Bienvenidos a Gorostiza Tu casa de comidas en Burce\u00f1a En Gorostiza llevamos 24 a\u00f1os compartiendo buenos momentos, sabores caseros y un trato cercano que nos hace sentir como en familia. Somos un restaurante de toda la vida, ubicado en el coraz\u00f3n de Burce\u00f1a, Barakaldo, en la calle Zumalac\u00e1rregui 27-29. Aqu\u00ed encontrar\u00e1s mucho m\u00e1s [&hellip;]","og_url":"https:\/\/restaurantegorostiza.com\/eu\/","og_site_name":"Restaurante Gorostiza","article_modified_time":"2025-07-18T14:17:38+00:00","twitter_card":"summary_large_image","twitter_misc":{"Est. reading time":"1 minutua"},"schema":{"@context":"https:\/\/schema.org","@graph":[{"@type":"WebPage","@id":"https:\/\/restaurantegorostiza.com\/","url":"https:\/\/restaurantegorostiza.com\/","name":"Inicio - Restaurante Gorostiza","isPartOf":{"@id":"https:\/\/restaurantegorostiza.com\/#website"},"datePublished":"2025-07-15T08:50:13+00:00","dateModified":"2025-07-18T14:17:38+00:00","breadcrumb":{"@id":"https:\/\/restaurantegorostiza.com\/#breadcrumb"},"inLanguage":"eu","potentialAction":[{"@type":"ReadAction","target":["https:\/\/restaurantegorostiza.com\/"]}]},{"@type":"BreadcrumbList","@id":"https:\/\/restaurantegorostiza.com\/#breadcrumb","itemListElement":[{"@type":"ListItem","position":1,"name":"Portada","item":"https:\/\/restaurantegorostiza.com\/"},{"@type":"ListItem","position":2,"name":"Inicio"}]},{"@type":"WebSite","@id":"https:\/\/restaurantegorostiza.com\/#website","url":"https:\/\/restaurantegorostiza.com\/","name":"Gorostiza jatetxea","description":"","publisher":{"@id":"https:\/\/restaurantegorostiza.com\/#organization"},"potentialAction":[{"@type":"SearchAction","target":{"@type":"EntryPoint","urlTemplate":"https:\/\/restaurantegorostiza.com\/?s={search_term_string}"},"query-input":{"@type":"PropertyValueSpecification","valueRequired":true,"valueName":"search_term_string"}}],"inLanguage":"eu"},{"@type":"Organization","@id":"https:\/\/restaurantegorostiza.com\/#organization","name":"Gorostiza jatetxea","url":"https:\/\/restaurantegorostiza.com\/","logo":{"@type":"ImageObject","inLanguage":"eu","@id":"https:\/\/restaurantegorostiza.com\/#\/schema\/logo\/image\/","url":"https:\/\/restaurantegorostiza.com\/wp-content\/uploads\/2025\/07\/cropped-logo.png","contentUrl":"https:\/\/restaurantegorostiza.com\/wp-content\/uploads\/2025\/07\/cropped-logo.png","width":1080,"height":789,"caption":"Restaurante Gorostiza"},"image":{"@id":"https:\/\/restaurantegorostiza.com\/#\/schema\/logo\/image\/"}}]}},"_links":{"self":[{"href":"https:\/\/restaurantegorostiza.com\/eu\/wp-json\/wp\/v2\/pages\/2","targetHints":{"allow":["GET"]}}],"collection":[{"href":"https:\/\/restaurantegorostiza.com\/eu\/wp-json\/wp\/v2\/pages"}],"about":[{"href":"https:\/\/restaurantegorostiza.com\/eu\/wp-json\/wp\/v2\/types\/page"}],"author":[{"embeddable":true,"href":"https:\/\/restaurantegorostiza.com\/eu\/wp-json\/wp\/v2\/users\/1"}],"replies":[{"embeddable":true,"href":"https:\/\/restaurantegorostiza.com\/eu\/wp-json\/wp\/v2\/comments?post=2"}],"version-history":[{"count":103,"href":"https:\/\/restaurantegorostiza.com\/eu\/wp-json\/wp\/v2\/pages\/2\/revisions"}],"predecessor-version":[{"id":340,"href":"https:\/\/restaurantegorostiza.com\/eu\/wp-json\/wp\/v2\/pages\/2\/revisions\/340"}],"wp:attachment":[{"href":"https:\/\/restaurantegorostiza.com\/eu\/wp-json\/wp\/v2\/media?parent=2"}],"curies":[{"name":"wp","href":"https:\/\/api.w.org\/{rel}","templated":true}]}}