{"id":15,"date":"2025-07-15T09:25:09","date_gmt":"2025-07-15T09:25:09","guid":{"rendered":"https:\/\/restaurantegorostiza.rkinformatika.online\/?page_id=15"},"modified":"2025-07-18T14:14:08","modified_gmt":"2025-07-18T14:14:08","slug":"servicios","status":"publish","type":"page","link":"https:\/\/restaurantegorostiza.com\/eu\/servicios\/","title":{"rendered":"zerbitzuak"},"content":{"rendered":"<div data-elementor-type=\"wp-page\" data-elementor-id=\"15\" class=\"elementor elementor-15\" data-elementor-post-type=\"page\">\n\t\t\t\t<div class=\"elementor-element elementor-element-d586729 e-flex e-con-boxed e-con e-parent\" data-id=\"d586729\" data-element_type=\"container\" data-e-type=\"container\" data-settings=\"{&quot;background_background&quot;:&quot;classic&quot;}\">\n\t\t\t\t\t<div class=\"e-con-inner\">\n\t\t\t\t\t<\/div>\n\t\t\t\t<\/div>\n\t\t<div class=\"elementor-element elementor-element-ff4f69a e-flex e-con-boxed e-con e-parent\" data-id=\"ff4f69a\" data-element_type=\"container\" data-e-type=\"container\">\n\t\t\t\t\t<div class=\"e-con-inner\">\n\t\t\t\t<div class=\"elementor-element elementor-element-3f2f43f elementor-widget elementor-widget-heading\" data-id=\"3f2f43f\" data-element_type=\"widget\" data-e-type=\"widget\" data-widget_type=\"heading.default\">\n\t\t\t\t\t<h2 class=\"elementor-heading-title elementor-size-default\">Nuestros servicios<\/h2>\t\t\t\t<\/div>\n\t\t\t\t\t<\/div>\n\t\t\t\t<\/div>\n\t\t<div class=\"elementor-element elementor-element-2a39b00 e-flex e-con-boxed e-con e-parent\" data-id=\"2a39b00\" data-element_type=\"container\" data-e-type=\"container\">\n\t\t\t\t\t<div class=\"e-con-inner\">\n\t\t<div class=\"elementor-element elementor-element-da3cf73 e-con-full e-flex e-con e-child\" data-id=\"da3cf73\" data-element_type=\"container\" data-e-type=\"container\">\n\t\t\t\t<div class=\"elementor-element elementor-element-87ed1ae elementor-position-top elementor-widget elementor-widget-image-box\" data-id=\"87ed1ae\" data-element_type=\"widget\" data-e-type=\"widget\" data-widget_type=\"image-box.default\">\n\t\t\t\t\t<div class=\"elementor-image-box-wrapper\"><figure class=\"elementor-image-box-img\"><img fetchpriority=\"high\" decoding=\"async\" width=\"1080\" height=\"1080\" src=\"https:\/\/restaurantegorostiza.com\/wp-content\/uploads\/2025\/07\/4.png\" class=\"elementor-animation-float attachment-full size-full wp-image-307\" alt=\"\" srcset=\"https:\/\/restaurantegorostiza.com\/wp-content\/uploads\/2025\/07\/4.png 1080w, https:\/\/restaurantegorostiza.com\/wp-content\/uploads\/2025\/07\/4-300x300.png 300w, https:\/\/restaurantegorostiza.com\/wp-content\/uploads\/2025\/07\/4-1024x1024.png 1024w, https:\/\/restaurantegorostiza.com\/wp-content\/uploads\/2025\/07\/4-150x150.png 150w, https:\/\/restaurantegorostiza.com\/wp-content\/uploads\/2025\/07\/4-768x768.png 768w, https:\/\/restaurantegorostiza.com\/wp-content\/uploads\/2025\/07\/4-12x12.png 12w\" sizes=\"(max-width: 1080px) 100vw, 1080px\" \/><\/figure><div class=\"elementor-image-box-content\"><h3 class=\"elementor-image-box-title\">men\u00fa del d\u00eda<\/h3><\/div><\/div>\t\t\t\t<\/div>\n\t\t\t\t<\/div>\n\t\t<div class=\"elementor-element elementor-element-f5c5a55 e-con-full e-flex e-con e-child\" data-id=\"f5c5a55\" data-element_type=\"container\" data-e-type=\"container\">\n\t\t\t\t<div class=\"elementor-element elementor-element-6414142 elementor-position-top elementor-widget elementor-widget-image-box\" data-id=\"6414142\" data-element_type=\"widget\" data-e-type=\"widget\" data-widget_type=\"image-box.default\">\n\t\t\t\t\t<div class=\"elementor-image-box-wrapper\"><figure class=\"elementor-image-box-img\"><img decoding=\"async\" width=\"1080\" height=\"1080\" src=\"https:\/\/restaurantegorostiza.com\/wp-content\/uploads\/2025\/07\/combinado.png\" class=\"elementor-animation-float attachment-full size-full wp-image-308\" alt=\"\" srcset=\"https:\/\/restaurantegorostiza.com\/wp-content\/uploads\/2025\/07\/combinado.png 1080w, https:\/\/restaurantegorostiza.com\/wp-content\/uploads\/2025\/07\/combinado-300x300.png 300w, https:\/\/restaurantegorostiza.com\/wp-content\/uploads\/2025\/07\/combinado-1024x1024.png 1024w, https:\/\/restaurantegorostiza.com\/wp-content\/uploads\/2025\/07\/combinado-150x150.png 150w, https:\/\/restaurantegorostiza.com\/wp-content\/uploads\/2025\/07\/combinado-768x768.png 768w, https:\/\/restaurantegorostiza.com\/wp-content\/uploads\/2025\/07\/combinado-12x12.png 12w\" sizes=\"(max-width: 1080px) 100vw, 1080px\" \/><\/figure><div class=\"elementor-image-box-content\"><h3 class=\"elementor-image-box-title\">Platos combinados<\/h3><\/div><\/div>\t\t\t\t<\/div>\n\t\t\t\t<\/div>\n\t\t<div class=\"elementor-element elementor-element-daae2c9 e-con-full e-flex e-con e-child\" data-id=\"daae2c9\" data-element_type=\"container\" data-e-type=\"container\">\n\t\t\t\t<div class=\"elementor-element elementor-element-6c7551a elementor-position-top elementor-widget elementor-widget-image-box\" data-id=\"6c7551a\" data-element_type=\"widget\" data-e-type=\"widget\" data-widget_type=\"image-box.default\">\n\t\t\t\t\t<div class=\"elementor-image-box-wrapper\"><figure class=\"elementor-image-box-img\"><img decoding=\"async\" width=\"1080\" height=\"1080\" src=\"https:\/\/restaurantegorostiza.com\/wp-content\/uploads\/2025\/07\/1-1.png\" class=\"elementor-animation-float attachment-full size-full wp-image-304\" alt=\"\" srcset=\"https:\/\/restaurantegorostiza.com\/wp-content\/uploads\/2025\/07\/1-1.png 1080w, https:\/\/restaurantegorostiza.com\/wp-content\/uploads\/2025\/07\/1-1-300x300.png 300w, https:\/\/restaurantegorostiza.com\/wp-content\/uploads\/2025\/07\/1-1-1024x1024.png 1024w, https:\/\/restaurantegorostiza.com\/wp-content\/uploads\/2025\/07\/1-1-150x150.png 150w, https:\/\/restaurantegorostiza.com\/wp-content\/uploads\/2025\/07\/1-1-768x768.png 768w, https:\/\/restaurantegorostiza.com\/wp-content\/uploads\/2025\/07\/1-1-12x12.png 12w\" sizes=\"(max-width: 1080px) 100vw, 1080px\" \/><\/figure><div class=\"elementor-image-box-content\"><h3 class=\"elementor-image-box-title\">Hamburguesas<\/h3><\/div><\/div>\t\t\t\t<\/div>\n\t\t\t\t<\/div>\n\t\t<div class=\"elementor-element elementor-element-09ea306 e-con-full e-flex e-con e-child\" data-id=\"09ea306\" data-element_type=\"container\" data-e-type=\"container\">\n\t\t\t\t<div class=\"elementor-element elementor-element-f7430c7 elementor-position-top elementor-widget elementor-widget-image-box\" data-id=\"f7430c7\" data-element_type=\"widget\" data-e-type=\"widget\" data-widget_type=\"image-box.default\">\n\t\t\t\t\t<div class=\"elementor-image-box-wrapper\"><figure class=\"elementor-image-box-img\"><img loading=\"lazy\" decoding=\"async\" width=\"1080\" height=\"1080\" src=\"https:\/\/restaurantegorostiza.com\/wp-content\/uploads\/2025\/07\/2-1.png\" class=\"elementor-animation-float attachment-full size-full wp-image-305\" alt=\"\" srcset=\"https:\/\/restaurantegorostiza.com\/wp-content\/uploads\/2025\/07\/2-1.png 1080w, https:\/\/restaurantegorostiza.com\/wp-content\/uploads\/2025\/07\/2-1-300x300.png 300w, https:\/\/restaurantegorostiza.com\/wp-content\/uploads\/2025\/07\/2-1-1024x1024.png 1024w, https:\/\/restaurantegorostiza.com\/wp-content\/uploads\/2025\/07\/2-1-150x150.png 150w, https:\/\/restaurantegorostiza.com\/wp-content\/uploads\/2025\/07\/2-1-768x768.png 768w, https:\/\/restaurantegorostiza.com\/wp-content\/uploads\/2025\/07\/2-1-12x12.png 12w\" sizes=\"(max-width: 1080px) 100vw, 1080px\" \/><\/figure><div class=\"elementor-image-box-content\"><h3 class=\"elementor-image-box-title\">pollo asado <\/h3><\/div><\/div>\t\t\t\t<\/div>\n\t\t\t\t<\/div>\n\t\t<div class=\"elementor-element elementor-element-c055518 e-con-full e-flex e-con e-child\" data-id=\"c055518\" data-element_type=\"container\" data-e-type=\"container\">\n\t\t\t\t<div class=\"elementor-element elementor-element-4a232ef elementor-position-top elementor-widget elementor-widget-image-box\" data-id=\"4a232ef\" data-element_type=\"widget\" data-e-type=\"widget\" data-widget_type=\"image-box.default\">\n\t\t\t\t\t<div class=\"elementor-image-box-wrapper\"><figure class=\"elementor-image-box-img\"><img loading=\"lazy\" decoding=\"async\" width=\"1080\" height=\"1080\" src=\"https:\/\/restaurantegorostiza.com\/wp-content\/uploads\/2025\/07\/3.png\" class=\"elementor-animation-float attachment-full size-full wp-image-306\" alt=\"\" srcset=\"https:\/\/restaurantegorostiza.com\/wp-content\/uploads\/2025\/07\/3.png 1080w, https:\/\/restaurantegorostiza.com\/wp-content\/uploads\/2025\/07\/3-300x300.png 300w, https:\/\/restaurantegorostiza.com\/wp-content\/uploads\/2025\/07\/3-1024x1024.png 1024w, https:\/\/restaurantegorostiza.com\/wp-content\/uploads\/2025\/07\/3-150x150.png 150w, https:\/\/restaurantegorostiza.com\/wp-content\/uploads\/2025\/07\/3-768x768.png 768w, https:\/\/restaurantegorostiza.com\/wp-content\/uploads\/2025\/07\/3-12x12.png 12w\" sizes=\"(max-width: 1080px) 100vw, 1080px\" \/><\/figure><div class=\"elementor-image-box-content\"><h3 class=\"elementor-image-box-title\">pincho pote<\/h3><\/div><\/div>\t\t\t\t<\/div>\n\t\t\t\t<\/div>\n\t\t\t\t\t<\/div>\n\t\t\t\t<\/div>\n\t\t<div class=\"elementor-element elementor-element-360819b e-flex e-con-boxed e-con e-parent\" data-id=\"360819b\" data-element_type=\"container\" data-e-type=\"container\" data-settings=\"{&quot;background_background&quot;:&quot;classic&quot;}\">\n\t\t\t\t\t<div class=\"e-con-inner\">\n\t\t\t\t<div class=\"elementor-element elementor-element-f4145e8 elementor-widget elementor-widget-heading\" data-id=\"f4145e8\" data-element_type=\"widget\" data-e-type=\"widget\" data-widget_type=\"heading.default\">\n\t\t\t\t\t<h2 class=\"elementor-heading-title elementor-size-default\">Haz de hoy un buen d\u00eda: p\u00e1sate por Gorostiza.<\/h2>\t\t\t\t<\/div>\n\t\t\t\t<div class=\"elementor-element elementor-element-cce024e elementor-align-center elementor-widget elementor-widget-button\" data-id=\"cce024e\" data-element_type=\"widget\" data-e-type=\"widget\" data-widget_type=\"button.default\">\n\t\t\t\t\t\t\t\t\t\t<a class=\"elementor-button elementor-button-link elementor-size-sm elementor-animation-grow\" href=\"tel:%20944%20902%20051\">\n\t\t\t\t\t\t<span class=\"elementor-button-content-wrapper\">\n\t\t\t\t\t\t\t\t\t<span class=\"elementor-button-text\">\u00a1No te lo pierdas!<\/span>\n\t\t\t\t\t<\/span>\n\t\t\t\t\t<\/a>\n\t\t\t\t\t\t\t\t<\/div>\n\t\t\t\t\t<\/div>\n\t\t\t\t<\/div>\n\t\t\t\t<\/div>","protected":false},"excerpt":{"rendered":"<p>Nuestros servicios men\u00fa del d\u00eda Platos combinados Hamburguesas pollo asado pincho pote Haz de hoy un buen d\u00eda: p\u00e1sate por Gorostiza. \u00a1No te lo pierdas!<\/p>","protected":false},"author":1,"featured_media":0,"parent":0,"menu_order":0,"comment_status":"closed","ping_status":"closed","template":"elementor_canvas","meta":{"footnotes":""},"class_list":["post-15","page","type-page","status-publish","hentry"],"yoast_head":"<!-- This site is optimized with the Yoast SEO plugin v27.3 - https:\/\/yoast.com\/product\/yoast-seo-wordpress\/ -->\n<title>Servicios - Restaurante Gorostiza<\/title>\n<meta name=\"robots\" content=\"index, follow, max-snippet:-1, max-image-preview:large, max-video-preview:-1\" \/>\n<link rel=\"canonical\" href=\"https:\/\/restaurantegorostiza.com\/eu\/servicios\/\" \/>\n<meta property=\"og:locale\" content=\"en_US\" \/>\n<meta property=\"og:type\" content=\"article\" \/>\n<meta property=\"og:title\" content=\"Servicios - Restaurante Gorostiza\" \/>\n<meta property=\"og:description\" content=\"Nuestros servicios men\u00fa del d\u00eda Platos combinados Hamburguesas pollo asado pincho pote Haz de hoy un buen d\u00eda: p\u00e1sate por Gorostiza. \u00a1No te lo pierdas!\" \/>\n<meta property=\"og:url\" content=\"https:\/\/restaurantegorostiza.com\/eu\/servicios\/\" \/>\n<meta property=\"og:site_name\" content=\"Restaurante Gorostiza\" \/>\n<meta property=\"article:modified_time\" content=\"2025-07-18T14:14:08+00:00\" \/>\n<meta property=\"og:image\" content=\"https:\/\/restaurantegorostiza.com\/wp-content\/uploads\/2025\/07\/4.png\" \/>\n<meta name=\"twitter:card\" content=\"summary_large_image\" \/>\n<meta name=\"twitter:label1\" content=\"Est. reading time\" \/>\n\t<meta name=\"twitter:data1\" content=\"2 minutua\" \/>\n<script type=\"application\/ld+json\" class=\"yoast-schema-graph\">{\"@context\":\"https:\\\/\\\/schema.org\",\"@graph\":[{\"@type\":\"WebPage\",\"@id\":\"https:\\\/\\\/restaurantegorostiza.com\\\/servicios\\\/\",\"url\":\"https:\\\/\\\/restaurantegorostiza.com\\\/servicios\\\/\",\"name\":\"Servicios - Restaurante Gorostiza\",\"isPartOf\":{\"@id\":\"https:\\\/\\\/restaurantegorostiza.com\\\/#website\"},\"primaryImageOfPage\":{\"@id\":\"https:\\\/\\\/restaurantegorostiza.com\\\/servicios\\\/#primaryimage\"},\"image\":{\"@id\":\"https:\\\/\\\/restaurantegorostiza.com\\\/servicios\\\/#primaryimage\"},\"thumbnailUrl\":\"https:\\\/\\\/restaurantegorostiza.com\\\/wp-content\\\/uploads\\\/2025\\\/07\\\/4.png\",\"datePublished\":\"2025-07-15T09:25:09+00:00\",\"dateModified\":\"2025-07-18T14:14:08+00:00\",\"breadcrumb\":{\"@id\":\"https:\\\/\\\/restaurantegorostiza.com\\\/servicios\\\/#breadcrumb\"},\"inLanguage\":\"eu\",\"potentialAction\":[{\"@type\":\"ReadAction\",\"target\":[\"https:\\\/\\\/restaurantegorostiza.com\\\/servicios\\\/\"]}]},{\"@type\":\"ImageObject\",\"inLanguage\":\"eu\",\"@id\":\"https:\\\/\\\/restaurantegorostiza.com\\\/servicios\\\/#primaryimage\",\"url\":\"https:\\\/\\\/restaurantegorostiza.com\\\/wp-content\\\/uploads\\\/2025\\\/07\\\/4.png\",\"contentUrl\":\"https:\\\/\\\/restaurantegorostiza.com\\\/wp-content\\\/uploads\\\/2025\\\/07\\\/4.png\"},{\"@type\":\"BreadcrumbList\",\"@id\":\"https:\\\/\\\/restaurantegorostiza.com\\\/servicios\\\/#breadcrumb\",\"itemListElement\":[{\"@type\":\"ListItem\",\"position\":1,\"name\":\"Portada\",\"item\":\"https:\\\/\\\/restaurantegorostiza.com\\\/\"},{\"@type\":\"ListItem\",\"position\":2,\"name\":\"Servicios\"}]},{\"@type\":\"WebSite\",\"@id\":\"https:\\\/\\\/restaurantegorostiza.com\\\/#website\",\"url\":\"https:\\\/\\\/restaurantegorostiza.com\\\/\",\"name\":\"Restaurante Gorostiza\",\"description\":\"\",\"publisher\":{\"@id\":\"https:\\\/\\\/restaurantegorostiza.com\\\/#organization\"},\"potentialAction\":[{\"@type\":\"SearchAction\",\"target\":{\"@type\":\"EntryPoint\",\"urlTemplate\":\"https:\\\/\\\/restaurantegorostiza.com\\\/?s={search_term_string}\"},\"query-input\":{\"@type\":\"PropertyValueSpecification\",\"valueRequired\":true,\"valueName\":\"search_term_string\"}}],\"inLanguage\":\"eu\"},{\"@type\":\"Organization\",\"@id\":\"https:\\\/\\\/restaurantegorostiza.com\\\/#organization\",\"name\":\"Restaurante Gorostiza\",\"url\":\"https:\\\/\\\/restaurantegorostiza.com\\\/\",\"logo\":{\"@type\":\"ImageObject\",\"inLanguage\":\"eu\",\"@id\":\"https:\\\/\\\/restaurantegorostiza.com\\\/#\\\/schema\\\/logo\\\/image\\\/\",\"url\":\"https:\\\/\\\/restaurantegorostiza.com\\\/wp-content\\\/uploads\\\/2025\\\/07\\\/cropped-logo.png\",\"contentUrl\":\"https:\\\/\\\/restaurantegorostiza.com\\\/wp-content\\\/uploads\\\/2025\\\/07\\\/cropped-logo.png\",\"width\":1080,\"height\":789,\"caption\":\"Restaurante Gorostiza\"},\"image\":{\"@id\":\"https:\\\/\\\/restaurantegorostiza.com\\\/#\\\/schema\\\/logo\\\/image\\\/\"}}]}<\/script>\n<!-- \/ Yoast SEO plugin. -->","yoast_head_json":{"title":"Servicios - Restaurante Gorostiza","robots":{"index":"index","follow":"follow","max-snippet":"max-snippet:-1","max-image-preview":"max-image-preview:large","max-video-preview":"max-video-preview:-1"},"canonical":"https:\/\/restaurantegorostiza.com\/eu\/servicios\/","og_locale":"en_US","og_type":"article","og_title":"Servicios - Restaurante Gorostiza","og_description":"Nuestros servicios men\u00fa del d\u00eda Platos combinados Hamburguesas pollo asado pincho pote Haz de hoy un buen d\u00eda: p\u00e1sate por Gorostiza. \u00a1No te lo pierdas!","og_url":"https:\/\/restaurantegorostiza.com\/eu\/servicios\/","og_site_name":"Restaurante Gorostiza","article_modified_time":"2025-07-18T14:14:08+00:00","og_image":[{"url":"https:\/\/restaurantegorostiza.com\/wp-content\/uploads\/2025\/07\/4.png","type":"","width":"","height":""}],"twitter_card":"summary_large_image","twitter_misc":{"Est. reading time":"2 minutua"},"schema":{"@context":"https:\/\/schema.org","@graph":[{"@type":"WebPage","@id":"https:\/\/restaurantegorostiza.com\/servicios\/","url":"https:\/\/restaurantegorostiza.com\/servicios\/","name":"Servicios - Restaurante Gorostiza","isPartOf":{"@id":"https:\/\/restaurantegorostiza.com\/#website"},"primaryImageOfPage":{"@id":"https:\/\/restaurantegorostiza.com\/servicios\/#primaryimage"},"image":{"@id":"https:\/\/restaurantegorostiza.com\/servicios\/#primaryimage"},"thumbnailUrl":"https:\/\/restaurantegorostiza.com\/wp-content\/uploads\/2025\/07\/4.png","datePublished":"2025-07-15T09:25:09+00:00","dateModified":"2025-07-18T14:14:08+00:00","breadcrumb":{"@id":"https:\/\/restaurantegorostiza.com\/servicios\/#breadcrumb"},"inLanguage":"eu","potentialAction":[{"@type":"ReadAction","target":["https:\/\/restaurantegorostiza.com\/servicios\/"]}]},{"@type":"ImageObject","inLanguage":"eu","@id":"https:\/\/restaurantegorostiza.com\/servicios\/#primaryimage","url":"https:\/\/restaurantegorostiza.com\/wp-content\/uploads\/2025\/07\/4.png","contentUrl":"https:\/\/restaurantegorostiza.com\/wp-content\/uploads\/2025\/07\/4.png"},{"@type":"BreadcrumbList","@id":"https:\/\/restaurantegorostiza.com\/servicios\/#breadcrumb","itemListElement":[{"@type":"ListItem","position":1,"name":"Portada","item":"https:\/\/restaurantegorostiza.com\/"},{"@type":"ListItem","position":2,"name":"Servicios"}]},{"@type":"WebSite","@id":"https:\/\/restaurantegorostiza.com\/#website","url":"https:\/\/restaurantegorostiza.com\/","name":"Gorostiza jatetxea","description":"","publisher":{"@id":"https:\/\/restaurantegorostiza.com\/#organization"},"potentialAction":[{"@type":"SearchAction","target":{"@type":"EntryPoint","urlTemplate":"https:\/\/restaurantegorostiza.com\/?s={search_term_string}"},"query-input":{"@type":"PropertyValueSpecification","valueRequired":true,"valueName":"search_term_string"}}],"inLanguage":"eu"},{"@type":"Organization","@id":"https:\/\/restaurantegorostiza.com\/#organization","name":"Gorostiza jatetxea","url":"https:\/\/restaurantegorostiza.com\/","logo":{"@type":"ImageObject","inLanguage":"eu","@id":"https:\/\/restaurantegorostiza.com\/#\/schema\/logo\/image\/","url":"https:\/\/restaurantegorostiza.com\/wp-content\/uploads\/2025\/07\/cropped-logo.png","contentUrl":"https:\/\/restaurantegorostiza.com\/wp-content\/uploads\/2025\/07\/cropped-logo.png","width":1080,"height":789,"caption":"Restaurante Gorostiza"},"image":{"@id":"https:\/\/restaurantegorostiza.com\/#\/schema\/logo\/image\/"}}]}},"_links":{"self":[{"href":"https:\/\/restaurantegorostiza.com\/eu\/wp-json\/wp\/v2\/pages\/15","targetHints":{"allow":["GET"]}}],"collection":[{"href":"https:\/\/restaurantegorostiza.com\/eu\/wp-json\/wp\/v2\/pages"}],"about":[{"href":"https:\/\/restaurantegorostiza.com\/eu\/wp-json\/wp\/v2\/types\/page"}],"author":[{"embeddable":true,"href":"https:\/\/restaurantegorostiza.com\/eu\/wp-json\/wp\/v2\/users\/1"}],"replies":[{"embeddable":true,"href":"https:\/\/restaurantegorostiza.com\/eu\/wp-json\/wp\/v2\/comments?post=15"}],"version-history":[{"count":31,"href":"https:\/\/restaurantegorostiza.com\/eu\/wp-json\/wp\/v2\/pages\/15\/revisions"}],"predecessor-version":[{"id":334,"href":"https:\/\/restaurantegorostiza.com\/eu\/wp-json\/wp\/v2\/pages\/15\/revisions\/334"}],"wp:attachment":[{"href":"https:\/\/restaurantegorostiza.com\/eu\/wp-json\/wp\/v2\/media?parent=15"}],"curies":[{"name":"wp","href":"https:\/\/api.w.org\/{rel}","templated":true}]}}